{"id":29147,"date":"2025-12-19T12:36:40","date_gmt":"2025-12-19T11:36:40","guid":{"rendered":"https:\/\/rowery.iftest.pl\/?post_type=product&#038;p=29147"},"modified":"2026-02-17T10:41:52","modified_gmt":"2026-02-17T09:41:52","slug":"kompleksowy-przeglad-roweru-mtb-z-amortyzacja-sprezynowa","status":"publish","type":"product","link":"https:\/\/rowery.iftest.pl\/index.php\/produkt\/kompleksowy-przeglad-roweru-mtb-z-amortyzacja-sprezynowa\/","title":{"rendered":"Kompleksowy przegl\u0105d roweru MTB z amortyzacj\u0105 spr\u0119\u017cynow\u0105"},"content":{"rendered":"","protected":false},"excerpt":{"rendered":"","protected":false},"featured_media":29198,"comment_status":"open","ping_status":"closed","template":"","meta":[],"product_brand":[],"product_cat":[82],"product_tag":[],"class_list":{"0":"post-29147","1":"product","2":"type-product","3":"status-publish","4":"has-post-thumbnail","6":"product_cat-serwis-rowerowy","8":"first","9":"instock","10":"shipping-taxable","11":"purchasable","12":"product-type-simple"},"_links":{"self":[{"href":"https:\/\/rowery.iftest.pl\/index.php\/wp-json\/wp\/v2\/product\/29147","targetHints":{"allow":["GET"]}}],"collection":[{"href":"https:\/\/rowery.iftest.pl\/index.php\/wp-json\/wp\/v2\/product"}],"about":[{"href":"https:\/\/rowery.iftest.pl\/index.php\/wp-json\/wp\/v2\/types\/product"}],"replies":[{"embeddable":true,"href":"https:\/\/rowery.iftest.pl\/index.php\/wp-json\/wp\/v2\/comments?post=29147"}],"version-history":[{"count":1,"href":"https:\/\/rowery.iftest.pl\/index.php\/wp-json\/wp\/v2\/product\/29147\/revisions"}],"predecessor-version":[{"id":29199,"href":"https:\/\/rowery.iftest.pl\/index.php\/wp-json\/wp\/v2\/product\/29147\/revisions\/29199"}],"wp:featuredmedia":[{"embeddable":true,"href":"https:\/\/rowery.iftest.pl\/index.php\/wp-json\/wp\/v2\/media\/29198"}],"wp:attachment":[{"href":"https:\/\/rowery.iftest.pl\/index.php\/wp-json\/wp\/v2\/media?parent=29147"}],"wp:term":[{"taxonomy":"product_brand","embeddable":true,"href":"https:\/\/rowery.iftest.pl\/index.php\/wp-json\/wp\/v2\/product_brand?post=29147"},{"taxonomy":"product_cat","embeddable":true,"href":"https:\/\/rowery.iftest.pl\/index.php\/wp-json\/wp\/v2\/product_cat?post=29147"},{"taxonomy":"product_tag","embeddable":true,"href":"https:\/\/rowery.iftest.pl\/index.php\/wp-json\/wp\/v2\/product_tag?post=29147"}],"curies":[{"name":"wp","href":"https:\/\/api.w.org\/{rel}","templated":true}]}}